{"id":489,"date":"2023-06-05T07:11:30","date_gmt":"2023-06-05T06:11:30","guid":{"rendered":"https:\/\/tris-kanizarica.si\/?page_id=489"},"modified":"2023-06-07T21:57:51","modified_gmt":"2023-06-07T20:57:51","slug":"izjava_o_dostopnost","status":"publish","type":"page","link":"https:\/\/tris-kanizarica.si\/index.php\/izjava_o_dostopnost\/","title":{"rendered":"Izjava o dostopnost"},"content":{"rendered":"\t\t<div data-elementor-type=\"wp-page\" data-elementor-id=\"489\" class=\"elementor elementor-489\">\n\t\t\t\t\t\t\t\t\t<section class=\"elementor-section elementor-top-section elementor-element elementor-element-302af4da elementor-section-boxed elementor-section-height-default elementor-section-height-default\" data-id=\"302af4da\" data-element_type=\"section\" data-settings=\"{&quot;background_background&quot;:&quot;classic&quot;}\">\n\t\t\t\t\t\t<div class=\"elementor-container elementor-column-gap-default\">\n\t\t\t\t\t<div class=\"elementor-column elementor-col-100 elementor-top-column elementor-element elementor-element-7922866e\" data-id=\"7922866e\" data-element_type=\"column\">\n\t\t\t<div class=\"elementor-widget-wrap elementor-element-populated\">\n\t\t\t\t\t\t\t\t<div class=\"elementor-element elementor-element-39bcbbf4 elementor-widget elementor-widget-text-editor\" data-id=\"39bcbbf4\" data-element_type=\"widget\" data-widget_type=\"text-editor.default\">\n\t\t\t\t<div class=\"elementor-widget-container\">\n\t\t\t<style>\/*! elementor - v3.13.3 - 28-05-2023 *\/\n.elementor-widget-text-editor.elementor-drop-cap-view-stacked .elementor-drop-cap{background-color:#69727d;color:#fff}.elementor-widget-text-editor.elementor-drop-cap-view-framed .elementor-drop-cap{color:#69727d;border:3px solid;background-color:transparent}.elementor-widget-text-editor:not(.elementor-drop-cap-view-default) .elementor-drop-cap{margin-top:8px}.elementor-widget-text-editor:not(.elementor-drop-cap-view-default) .elementor-drop-cap-letter{width:1em;height:1em}.elementor-widget-text-editor .elementor-drop-cap{float:left;text-align:center;line-height:1;font-size:50px}.elementor-widget-text-editor .elementor-drop-cap-letter{display:inline-block}<\/style>\t\t\t\t<p>Izjava o dostopnosti se nana\u0161a na spletno mesto tris-kanizarica.si za katerega skrbi Ob\u010dina \u010crnomelj<\/p>\n<p>Ob\u010dina \u010crnomelj se zavezuje omogo\u010dati dostopnost svojega spleti\u0161\u010da v skladu z Zakonom o dostopnosti spleti\u0161\u010d in mobilnih aplikacij (ZDSMA).<\/p>\n<p>Spletna stran https:\/\/www.tris-kanizarica.si\/ je bila izdelana v skladu s tehni\u010dnimi zahtevami veljavne zakonodaje ZDSMA, kar pomeni, da je bilo pri na\u010drtovanju, oblikovanju in izdelavi upo\u0161tevano:<\/p>\n<p><ul><li>Ustrezni barvni kontrasti (izjema so morebitna besedila v slikah);<\/li><li>Prikaz vsebin za uporabnike podpornih tehnologij;<\/li><li>Odzivno oblikovanje;<\/li><li>Predvidljivo delovanje spleti\u0161\u010da;<\/li><li>Omogo\u010deno je opremljanje slik in priponk;<\/li><li>Omogo\u010dena je uporaba razli\u010dnih ravni naslovov in vlog posameznih sklopov.<\/li><\/ul><\/p>\n<p><b>STOPNJA SKLADNOSTI<br><\/b>Spleti\u0161\u010de www.tris-kanizarica.si je delno skladno z Zakonom o dostopnosti spleti\u0161\u010d in mobilnih aplikacij zaradi spodaj navedenih neskladnosti oziroma izjem.<\/p>\n<p><b>NEDOSTOPNA VSEBINA<br><\/b>Dostopnost spleti\u0161\u010da www.tris-kanizarica.si nenehno spremljamo in sproti izbolj\u0161ujemo posamezne elemente dostopnosti. Kljub temu nekatere objavljene vsebine ne izpolnjujejo vseh zahtev glede dostopnosti, kot jih dolo\u010da Zakon o dostopnosti spleti\u0161\u010d in mobilnih aplikacij.<\/p>\n<p>Primeri takih vsebin so:<\/p>\n<p><ul><li>skenirani dokumenti v PDF obliki zapisa,<\/li><li>nekateri programsko generirani dokumenti,<\/li><li>razli\u010dne kompleksne tabele s podatki,<\/li><li>karta parcel,<\/li><li>manj\u0161e \u0161tevilo fotografij in drugega slikovnega gradiva \u0161e ni opremljenega z opisi oziroma \u0161e nimajo nadomestnega besedila,<\/li><li>videoposnetki nimajo podnapisov, nadzor krmiljenja ni optimiziran in je odvisen od drugih spleti\u0161\u010d (na primer: YouTube);<\/li><\/ul><\/p><p>Gre za vsebine, ki po ve\u010dini morajo biti objavljene v skladu z drugimi predpisi, vendar bi njihova predelava glede na finan\u010dne vire in notranjo organizacijo ter ocenjene stro\u0161ke in koristi Ob\u010dine \u010crnomelj v primerjavi z ocenjenimi koristmi za uporabnike z razli\u010dnimi oblikami oviranosti, za Ob\u010dino \u010crnomelj pomenila nesorazmerno breme.<\/p>\n<p>Vsebine se nana\u0161ajo na manj\u0161e in ozko specializirane skupine uporabnikov spleti\u0161\u010da www.tris-kanizarica.si, med katerimi do sedaj \u0161e nismo zaznali te\u017eav z dostopnostjo. Kljub temu si na Ob\u010dini \u010crnomelj prizadevamo, da bi bile vse na\u0161e vsebine \u010dim bolj prilagojene uporabnikom z razli\u010dnimi oblikami oviranosti.<\/p>\n<p><b>PRIPRAVA IZJAVE O DOSTOPNOSTI<br><\/b>Ta izjava je bila pripravljena 8. junij 2023 po metodi samoocene.<\/p>\n<p><b>POVRATNE IN KONTAKTNE INFORMACIJE<br><\/b>Zaradi zelo pogostih posodobitev vsebin lahko obiskovalci pri brskanju po spleti\u0161\u010du www.tris-kanizarica.si kljub prizadevanjem, da bi bile vse spletne strani \u010dim bolj dostopne in uporabnikom prijazne, ob\u010dasno naletijo na te\u017eave z dostopnostjo.<\/p>\n<p>Obvestilo o morebitnih primerih neskladnosti objav z dolo\u010dili Zakona o dostopnosti spleti\u0161\u010d in mobilnih aplikacij ter zaprosila za posredovanje informacij v dostopni obliki lahko po\u0161ljete po:<\/p><p><ul><li><span style=\"font-family: var( --e-global-typography-text-font-family ), Sans-serif; font-weight: var( --e-global-typography-text-font-weight ); font-size: 1rem;\">navadni po\u0161ti na naslov Ob\u010dina \u010crnomelj, Trg svobode 3, 8340 \u010crnomelj ali<\/span><\/li><li>elektronski po\u0161ti na elektronski naslov obcina@crnomelj.si<\/li><li>Odgovor boste prejeli v roku osmih dni od prejema obvestila oziroma pro\u0161nje. \u010ce v tem roku ne bomo mogli podati ustreznega odgovora, vam bomo sporo\u010dili, kdaj bo odgovor podan, skupaj z razlogi za zakasnitev odgovora.<\/li><\/ul><\/p>\n<p><b>IZVR\u0160ILNI POSTOPEK<br><\/b>V primeru nezadovoljivih odgovorov na katero koli obvestilo ali zaprosilo, poslano v skladu z 8. \u010dlenom Zakona o dostopnosti spleti\u0161\u010d in mobilnih aplikacij, lahko podate prijavo in\u0161pektorjem za informacijsko dru\u017ebo po:<\/p>\n<p>navadni po\u0161ti na naslov In\u0161pektorat Republike Slovenije za informacijsko dru\u017ebo, Dav\u010dna ulica 1, 1000 Ljubljana, ali&nbsp;elektronski po\u0161ti na elektronski naslov gp.irsid@gov.si.<\/p>\t\t\t\t\t\t<\/div>\n\t\t\t\t<\/div>\n\t\t\t\t\t<\/div>\n\t\t<\/div>\n\t\t\t\t\t\t\t<\/div>\n\t\t<\/section>\n\t\t\t\t<section class=\"elementor-section elementor-top-section elementor-element elementor-element-c9297d3 elementor-section-boxed elementor-section-height-default elementor-section-height-default\" data-id=\"c9297d3\" data-element_type=\"section\">\n\t\t\t\t\t\t<div class=\"elementor-container elementor-column-gap-default\">\n\t\t\t\t\t<div class=\"elementor-column elementor-col-100 elementor-top-column elementor-element elementor-element-7c8a482\" data-id=\"7c8a482\" data-element_type=\"column\">\n\t\t\t<div class=\"elementor-widget-wrap\">\n\t\t\t\t\t\t\t\t\t<\/div>\n\t\t<\/div>\n\t\t\t\t\t\t\t<\/div>\n\t\t<\/section>\n\t\t\t\t\t\t\t<\/div>\n\t\t","protected":false},"excerpt":{"rendered":"<p>Izjava o dostopnosti se nana\u0161a na spletno mesto tris-kanizarica.si za katerega skrbi Ob\u010dina \u010crnomelj Ob\u010dina \u010crnomelj se zavezuje omogo\u010dati dostopnost svojega spleti\u0161\u010da v skladu z Zakonom o dostopnosti spleti\u0161\u010d in mobilnih aplikacij (ZDSMA). Spletna stran https:\/\/www.tris-kanizarica.si\/ je bila izdelana v skladu s tehni\u010dnimi zahtevami veljavne zakonodaje ZDSMA, kar pomeni, da je bilo pri na\u010drtovanju, oblikovanju [&hellip;]<\/p>\n","protected":false},"author":1,"featured_media":0,"parent":0,"menu_order":0,"comment_status":"closed","ping_status":"closed","template":"","meta":[],"_links":{"self":[{"href":"https:\/\/tris-kanizarica.si\/index.php\/wp-json\/wp\/v2\/pages\/489"}],"collection":[{"href":"https:\/\/tris-kanizarica.si\/index.php\/wp-json\/wp\/v2\/pages"}],"about":[{"href":"https:\/\/tris-kanizarica.si\/index.php\/wp-json\/wp\/v2\/types\/page"}],"author":[{"embeddable":true,"href":"https:\/\/tris-kanizarica.si\/index.php\/wp-json\/wp\/v2\/users\/1"}],"replies":[{"embeddable":true,"href":"https:\/\/tris-kanizarica.si\/index.php\/wp-json\/wp\/v2\/comments?post=489"}],"version-history":[{"count":11,"href":"https:\/\/tris-kanizarica.si\/index.php\/wp-json\/wp\/v2\/pages\/489\/revisions"}],"predecessor-version":[{"id":1106,"href":"https:\/\/tris-kanizarica.si\/index.php\/wp-json\/wp\/v2\/pages\/489\/revisions\/1106"}],"wp:attachment":[{"href":"https:\/\/tris-kanizarica.si\/index.php\/wp-json\/wp\/v2\/media?parent=489"}],"curies":[{"name":"wp","href":"https:\/\/api.w.org\/{rel}","templated":true}]}}